{"id":52,"date":"2021-07-02T03:39:14","date_gmt":"2021-07-02T03:39:14","guid":{"rendered":"https:\/\/gobrn.org.br\/portal\/?page_id=52"},"modified":"2025-08-06T10:40:50","modified_gmt":"2025-08-06T13:40:50","slug":"o-gob-rn","status":"publish","type":"page","link":"https:\/\/gobrn.org.br\/portal\/o-gob-rn\/","title":{"rendered":"O GOB-RN"},"content":{"rendered":"<style>\/*! elementor - v3.4.3 - 11-09-2021 *\/\n.elementor-heading-title{padding:0;margin:0;line-height:1}.elementor-widget-heading .elementor-heading-title[class*=elementor-size-]>a{color:inherit;font-size:inherit;line-height:inherit}.elementor-widget-heading .elementor-heading-title.elementor-size-small{font-size:15px}.elementor-widget-heading .elementor-heading-title.elementor-size-medium{font-size:19px}.elementor-widget-heading .elementor-heading-title.elementor-size-large{font-size:29px}.elementor-widget-heading .elementor-heading-title.elementor-size-xl{font-size:39px}.elementor-widget-heading .elementor-heading-title.elementor-size-xxl{font-size:59px}<\/style><h2>HIST\u00d3RIA DO GRANDE ORIENTE DO BRASIL DO ESTADO DO RIO GRANDE DO NORTE<\/h2>\t\t\n\t\t<p><\/p>\n<p><\/p>\n<p><b>1. FUNDA\u00c7\u00c3O<\/b><\/p>\n<p>O Grande Oriente do Brasil \u2013 Rio Grande do Norte, foi fundado na data de 25 de Agosto de 1969, em uma reuni\u00e3o realizada no Templo da Gr<strong>\u2234<\/strong> Ben<strong>\u2234 <\/strong>e Gr<strong>\u2234<\/strong> Benf<strong>\u2234<\/strong> Loj<strong>\u2234<\/strong> Simb<strong>\u2234<\/strong> 21 de Mar\u00e7o, Oriente de Natal\/RN. Naquela ocasi\u00e3o reuniram-se os IIr<strong>\u2234<\/strong>\u00a0 M\u00e1rio Villar de Melo (Loja 21 de Mar\u00e7o); Jos\u00e9 Inoc\u00eancio de Almeida Neto (Loja 24 de Junho); Raimundo Ribeiro da Hora (Loja Filhos da F\u00e9); Jos\u00e9 Costa Sobrinho (Loja Evolu\u00e7\u00e3o II); Salatiel Vasconcelos Silva (Loja Padre Miguelinho); Manoel Jonas de Rubim Costa (Loja 27 de Dezembro); Lauro da Esc\u00f3ssia (Loja Coronel Fausto); Jos\u00e9 Ol\u00edmpio de Melo (Loja Clementino C\u00e2mara); Jo\u00e3o Afonso do Amaral (Loja Em\u00eddio Fagundes); Ivan Alves da Costa (Loja Trabalho e Fraternidade); Armando de Lima Fagundes (Loja Bartolomeu Fagundes); Augusto Jonas Dourado (Loja Trampolim da Vit\u00f3ria); C\u00edcero Pinto de Souza (Loja 24 de Novembro); Francisco Eudes Costa (Loja Jo\u00e3o da Esc\u00f3ssia); Abel Jacob de Medeiros (Loja Hegessipo Reis de Oliveira) e o Pod.\u2019. Ir.\u2019. R\u00f4mulo Chaves Wanderley, Delegado do Soberano Gr\u00e3o-Mestre Geral da Ordem no Estado do Rio Grande do Norte, que presidiu a reuni\u00e3o. O objetivo da reuni\u00e3o era apreciar a proposta de Funda\u00e7\u00e3o do Grande Oriente Estadual do Rio Grande do Norte (GOERN). Segundo consta da Ata de Funda\u00e7\u00e3o, al\u00e9m dos fundadores nominados, participaram grande n\u00famero de obreiros, n\u00e3o sabendo-se precisar a quantidade.<\/p>\n<p><b>2. PROVISORIEDADE<\/b><\/p>\n<p>No dia 18 de outubro de 1969, em nova reuni\u00e3o realizada no Templo da Gr<strong>\u2234<\/strong> Ben<strong>\u2234 <\/strong>e Gr<strong>\u2234<\/strong> Benf<strong>\u2234<\/strong> Loj<strong>\u2234<\/strong> Simb<strong>\u2234<\/strong> 21 de Mar\u00e7o, Oriente de Natal\/RN, foi eleita uma Diretoria Provis\u00f3ria. Houve amplo debate se os eleitos provis\u00f3riamente, ostentariam os titulus de Gr\u00e3o-Mestre e Gr\u00e3o-Mestre Adjunto, em vota\u00e7\u00e3o, prevaleceu a tese de que os eleitos provisoriamente os respectivos t\u00edtulos e, assim, foram eleitos os IIr<strong>\u2234<\/strong>\u00a0 M\u00e1rio Villar de Melo (Loja 21 de Mar\u00e7o), para Gr\u00e3o-Mestre e o Ir<strong>\u2234<\/strong> Marcelo Fernandes de Oliveira, passando, assim, a serem os primeiros dignat\u00e1rios do Grande Oriente Estadual do Rio Grande do Norte, tendo o Pod.\u2019. Ir.\u2019. R\u00f4mulo Chaves Wanderley, Delegado do Soberano Gr\u00e3o-Mestre Geral da Ordem no Estado do Rio Grande do Norte, passado o malhete para o Ir<strong>\u2234<\/strong> M\u00e1rio Villar de Melo.<\/p>\n<p><strong>2.1 &#8211; Grande Comiss\u00e3o Executiva<\/strong><\/p>\n<p>No dia 24 de mar\u00e7o de 1970, foi realizada reuni\u00e3o especifica para composi\u00e7\u00e3o de uma Grande Comiss\u00e3o Executiva das Lojas e seis grupos de trabalhos. A Grande Comiss\u00e3o Executiva, ficou assim constitu\u00edda: M\u00e1rio Villar de Melo; Abel Jacob de Medeiros; Jos\u00e9 Ol\u00edmpio de Melo; Armando Lima Fagundes; Raimundo Rineiro da Hora; Augusto Gomes Dourado; Lauro da Esc\u00f3ssia; Jos\u00e9 Inoc\u00eancio de Almeida Neto; Nilton Paulino de Souza; Alaeir Pinheiro; Jo\u00e3o Meira Lima e \u00c1lvaro Marciano de Lima.<\/p>\n<p style=\"text-indent: 18pt; line-height: 115%;\">\u00a0<\/p>\n<p><\/p>\t\t\n\t\t\t<style>\/*! elementor - v3.4.3 - 11-09-2021 *\/\n.elementor-widget-image{text-align:center}.elementor-widget-image a{display:inline-block}.elementor-widget-image a img[src$=\".svg\"]{width:48px}.elementor-widget-image img{vertical-align:middle;display:inline-block}<\/style>\t\t\t\t\t\t\t\t\t\t\t\t<img loading=\"lazy\" decoding=\"async\" width=\"771\" height=\"598\" src=\"https:\/\/gobrn.org.br\/portal\/wp-content\/uploads\/2021\/09\/Imagem1.jpg\" alt=\"\" loading=\"lazy\" srcset=\"https:\/\/gobrn.org.br\/portal\/wp-content\/uploads\/2021\/09\/Imagem1.jpg 771w, https:\/\/gobrn.org.br\/portal\/wp-content\/uploads\/2021\/09\/Imagem1-300x233.jpg 300w, https:\/\/gobrn.org.br\/portal\/wp-content\/uploads\/2021\/09\/Imagem1-768x596.jpg 768w\" sizes=\"auto, (max-width: 771px) 100vw, 771px\" \/>\t\t\t\t\t\t\t\t\t\t\t\t\t\t\t\n\t\t\t\t\t\t\t\t\t\t\t\t\t\t\t<img loading=\"lazy\" decoding=\"async\" width=\"762\" height=\"581\" src=\"https:\/\/gobrn.org.br\/portal\/wp-content\/uploads\/2021\/09\/Imagem2.jpg\" alt=\"\" loading=\"lazy\" srcset=\"https:\/\/gobrn.org.br\/portal\/wp-content\/uploads\/2021\/09\/Imagem2.jpg 762w, https:\/\/gobrn.org.br\/portal\/wp-content\/uploads\/2021\/09\/Imagem2-300x229.jpg 300w\" sizes=\"auto, (max-width: 762px) 100vw, 762px\" \/>\t\t\t\t\t\t\t\t\t\t\t\t\t\t\t\n\t\t\t\t\t\t\t\t\t\t\t\t\t\t\t<img loading=\"lazy\" decoding=\"async\" width=\"761\" height=\"539\" src=\"https:\/\/gobrn.org.br\/portal\/wp-content\/uploads\/2021\/09\/Imagem3.jpg\" alt=\"\" loading=\"lazy\" srcset=\"https:\/\/gobrn.org.br\/portal\/wp-content\/uploads\/2021\/09\/Imagem3.jpg 761w, https:\/\/gobrn.org.br\/portal\/wp-content\/uploads\/2021\/09\/Imagem3-300x212.jpg 300w\" sizes=\"auto, (max-width: 761px) 100vw, 761px\" \/>\t\t\t\t\t\t\t\t\t\t\t\t\t\t\t\n\t\t<p>J\u00e1 os Grupos de Trabalho, ficaram assim constitu\u00eddos: Grupo de Trabalho de Expediente e Reda\u00e7\u00e3o: Jos\u00e9 Amaral, Adiel de Souza Lima e Ticiano Duarte. Grupo de Trabalho Quest\u00f5es Financeiras: Saulo Cola\u00e7o Chaves, Jo\u00e3o Joaquim de Souza e Lauir Duarte. Grupo de Trabalho de Regulariza\u00e7\u00e3o de Lojas OrV Estadual: Marcelo Fernandes de Oliveira, Aluizio Menezes de Melo e Amaro Marinho. Grupo de Trabalho de Interc\u00e2mbio de Assuntos Ma\u00e7\u00f4nicos: Luiz Nogueira Filho, Paulino Marques dos Santos e Rosalvo Seabra de Melo. Grupo de Trabalho de Informa\u00e7\u00f5es e Rela\u00e7\u00f5es P\u00fablicas: Jos\u00e9 Ayrton Alves da Costa, Thales Magno de Oliveira Fernandes e Domilson Dam\u00e1sio da Silva. Grupo de Trabalho de Assuntos Jur\u00eddicos: Di\u00f3genes da Cunha Lima, Francisco das Chagas Pereira e Bianor Medeiros.<\/p>\n<p>Observa-se que, com a elei\u00e7\u00e3o de uma Diretoria Provis\u00f3ria, a constitui\u00e7\u00e3o de uma Grande Comiss\u00e3o Executiva e a constitui\u00e7\u00e3o de de Grupos de Trabalhos, a ent\u00e3o gest\u00e3o provis\u00f3ria do Grande Oriente Estadual deu uma conforma\u00e7\u00e3o executiva e de organiza\u00e7\u00e3o administrativa ao r\u00e9cem fundado Grande Oriente Estadual, preparando-o para as futuras elei\u00e7\u00f5es gerais na Obedi\u00eancia.<\/p>\n<p><strong>3. ELEI\u00c7\u00d5ES<\/strong><\/p>\n<p>Na data de 23 de maio de 1970, em reuni\u00e3o na Loja 21 de Mar\u00e7o foi marcada a data das elei\u00e7\u00f5es gerais para elei\u00e7\u00e3o aos cargos de Gr\u00e3o-Mestre Estadual, Gr\u00e3o-Mestre Estadual Adjunto e Deputados \u00e0 Assembleia Estadual, assim como a defini\u00e7\u00e3o dos procedimentos a serem observados e relacionados \u00e0 realiza\u00e7\u00e3o do primeiro pleito na Obedi\u00eancia.<\/p>\n<p>Seguiu-se intenso debate sobre a composi\u00e7\u00e3o da chapa oficial para os cargos de Gr\u00e3o-Mestre Estadual e Gr\u00e3o-Mestre Estadual Adjunto.<\/p>\n<p>Ao fim, foram registradas duas Chapas para concorrer aos cargos de Gr\u00e3o-Mestre Estadual e Adjunto, respectivamente, com a seguinte composi\u00e7\u00e3o: Chapa 1: M\u00e1rio Villar de Melo e Jo\u00e3o Meira Lima. Chapa 2: Salatiel Vasconcelos da Silva e Ascendino Henrique de Almeida J\u00fanior.<\/p>\n<p><strong>3.1 &#8211; Resultado da Primeira Elei\u00e7\u00e3o: Gr\u00e3o-Mestre Estadual e Gr\u00e3o-Mestre Estadual Adjunto.<\/strong><strong>\u00a0<\/strong><\/p>\n<p>As primeiras elei\u00e7\u00f5es para o Gr\u00e3o Mestrado Estadual e para a Assembleia Estadual Legislativa foram marcadas para a primeira quinzena do m\u00eas de julho do ano de 1970. Realizadas as elei\u00e7\u00f5es as apura\u00e7\u00f5es se realizaram no dia 15 de Agosto de 1970, no Templo da Loja 21 de Mar\u00e7o sendo apurados os seguintes resultados: A Chapa 1: M\u00e1rio Villar de Melo, para Gr\u00e3o-Mestre Estadual, obteve 413 votos e, Jo\u00e3o Meira Lima, para Gr\u00e3o-Mestre Estadual Adjunto, obteve 358 votos. AChapa 2: Salatiel Vasconcelos da Silva, para Gr\u00e3o-Mestre Estadual, obteve 439 votos e Ascendino Henrique de Almeida J\u00fanior, para Gr\u00e3o-Mestre Estadual Adjunto, obteve 433 votos. A diferen\u00e7a da chapa vitoriosa para GME foi de 26 votos e para GMEAdj, foi de 75 votos.<\/p>\n<p><strong>3.2 &#8211; Resultado da Primeira Elei\u00e7\u00e3o: Deputados Estaduais Titulares<\/strong><\/p>\n<p>As primeiras elei\u00e7\u00f5es para a Assembleia Estadual Legislativa se realizaram no dia 15 de Agosto de 1970, no Templo da Loja 21 de Mar\u00e7o sendo eleitos os seguintes deputados &#8211; Titulares: Osmar Ara\u00fajo (22 votos); Jos\u00e9 Tomaz Ferreira Campos (24 votos); Francisco Eudes Costa (17 votos); Luiz Ben\u00e9volo Dantas (59 votos); Alu\u00edzio Menezes de Melo (95 votos); Arnaldo Monteiro Bezerra (34 votos); Jos\u00e9 Airton Alves da Costa (79 votos); Jos\u00e9 Rozendo do Amaral (42 votos); Jos\u00e9 Walter Olympio (06 votos); Marcelo Fernandes de Oliveira (181 votos); Al\u00edpio Barbosa da Silveira (24 votos); Vicente Paulo Avelino (86 votos); Natanael Esp\u00ednola (12 votos); Benjamim Capistrano (25 votos); Francisco Bento das Chagas (20 votos) e Ivanaldo Fernandes Primo (13 votos).<\/p>\n<p><strong>3.3 &#8211; Resultado da Primeira Elei\u00e7\u00e3o: Deputados Estaduais Suplentes<\/strong><\/p>\n<p><strong>\u00a0<\/strong>As primeiras elei\u00e7\u00f5es para a Assembleia Estadual Legislativa se realizaram no dia 15 de Agosto de 1970, no Templo da Loja 21 de Mar\u00e7o sendo eleitos os seguintes deputados &#8211; Suplentes: Manoel Paulino dos Santos Filho (22 votos); Ant\u00f4nio Menezes da Costa (23 votos); Jo\u00e3o Lucas Vieira (17 votos); Jair Nogueira de Lima (59 votos); Nilton Silva Santos (53 votos); Gevair de Freitas (37 votos); Jo\u00e3o Leite da Costa (42 votos); Eufran Oliveira de Souza (07 votos); Sebasti\u00e3o Xavier Saldanha Sobrinho (181 votos); Alu\u00edzio de Souza (86 votos); Paulo Leal (25 votos); Jos\u00e9 Gondim Chaves (13 votos); Alberto Moreira Campo (79 votos) e Gilberto da Fonseca Tinoco (29 votos).<\/p>\n<p><strong>4. POSSES<\/strong><\/p>\n<p>A posse do primeiro Gr\u00e3o-Mestre Estadual eleito, Salatiel de Vasconcelos Silva, foi realizada no dia 17 de outubro de 1970, no Teatro Alberto Maranh\u00e3o, com a presen\u00e7a do Gal. Duque Estrada, que ap\u00f4s a Faixa no Gr\u00e3o-Mestre.<\/p>\t\t\n\t\t\t\t\t\t\t\t\t\t\t\t\t\t\t<img loading=\"lazy\" decoding=\"async\" width=\"1024\" height=\"490\" src=\"https:\/\/gobrn.org.br\/portal\/wp-content\/uploads\/2021\/09\/Imagem4-1024x490.jpg\" alt=\"\" loading=\"lazy\" srcset=\"https:\/\/gobrn.org.br\/portal\/wp-content\/uploads\/2021\/09\/Imagem4-1024x490.jpg 1024w, https:\/\/gobrn.org.br\/portal\/wp-content\/uploads\/2021\/09\/Imagem4-300x143.jpg 300w, https:\/\/gobrn.org.br\/portal\/wp-content\/uploads\/2021\/09\/Imagem4-768x367.jpg 768w, https:\/\/gobrn.org.br\/portal\/wp-content\/uploads\/2021\/09\/Imagem4.jpg 1412w\" sizes=\"auto, (max-width: 1024px) 100vw, 1024px\" \/>\t\t\t\t\t\t\t\t\t\t\t\t\t\t\t\n\t\t<p>A posse foi um evento concorrido com uma presen\u00e7a expressiva de Irm\u00e3os e convidados.<\/p>\t\t\n\t\t\t\t\t\t\t\t\t\t\t\t\t\t\t<img loading=\"lazy\" decoding=\"async\" width=\"1024\" height=\"577\" src=\"https:\/\/gobrn.org.br\/portal\/wp-content\/uploads\/2021\/09\/Imagem6-1024x577.jpg\" alt=\"\" loading=\"lazy\" srcset=\"https:\/\/gobrn.org.br\/portal\/wp-content\/uploads\/2021\/09\/Imagem6-1024x577.jpg 1024w, https:\/\/gobrn.org.br\/portal\/wp-content\/uploads\/2021\/09\/Imagem6-300x169.jpg 300w, https:\/\/gobrn.org.br\/portal\/wp-content\/uploads\/2021\/09\/Imagem6-768x433.jpg 768w, https:\/\/gobrn.org.br\/portal\/wp-content\/uploads\/2021\/09\/Imagem6.jpg 1517w\" sizes=\"auto, (max-width: 1024px) 100vw, 1024px\" \/>\t\t\t\t\t\t\t\t\t\t\t\t\t\t\t\n\t\t<p>V\u00ea-se, ainda, flagrante da leitura dos primeiros atos de gest\u00e3o pelo Gr\u00e3o-Mestre Salatiel de Vasconcelos Silva.<\/p>\t\t\n\t\t\t\t\t\t\t\t\t\t\t\t\t\t\t<img loading=\"lazy\" decoding=\"async\" width=\"1024\" height=\"458\" src=\"https:\/\/gobrn.org.br\/portal\/wp-content\/uploads\/2021\/09\/Imagem7-1-1024x458.jpg\" alt=\"\" loading=\"lazy\" srcset=\"https:\/\/gobrn.org.br\/portal\/wp-content\/uploads\/2021\/09\/Imagem7-1-1024x458.jpg 1024w, https:\/\/gobrn.org.br\/portal\/wp-content\/uploads\/2021\/09\/Imagem7-1-300x134.jpg 300w, https:\/\/gobrn.org.br\/portal\/wp-content\/uploads\/2021\/09\/Imagem7-1-768x343.jpg 768w, https:\/\/gobrn.org.br\/portal\/wp-content\/uploads\/2021\/09\/Imagem7-1-1536x687.jpg 1536w, https:\/\/gobrn.org.br\/portal\/wp-content\/uploads\/2021\/09\/Imagem7-1.jpg 1867w\" sizes=\"auto, (max-width: 1024px) 100vw, 1024px\" \/>\t\t\t\t\t\t\t\t\t\t\t\t\t\t\t\n\t\t<p>Os Deputados Estaduais tomaram posse e Instalaram a legislatura na Loja 21 de Mar\u00e7o, com uma presen\u00e7a expressiva de Irm\u00e3os.<\/p>\t\t\n\t\t\t\t\t\t\t\t\t\t\t\t\t\t\t<img loading=\"lazy\" decoding=\"async\" width=\"1024\" height=\"705\" src=\"https:\/\/gobrn.org.br\/portal\/wp-content\/uploads\/2021\/09\/Imagem8-1024x705.jpg\" alt=\"\" loading=\"lazy\" srcset=\"https:\/\/gobrn.org.br\/portal\/wp-content\/uploads\/2021\/09\/Imagem8-1024x705.jpg 1024w, https:\/\/gobrn.org.br\/portal\/wp-content\/uploads\/2021\/09\/Imagem8-300x206.jpg 300w, https:\/\/gobrn.org.br\/portal\/wp-content\/uploads\/2021\/09\/Imagem8-768x528.jpg 768w, https:\/\/gobrn.org.br\/portal\/wp-content\/uploads\/2021\/09\/Imagem8-1536x1057.jpg 1536w, https:\/\/gobrn.org.br\/portal\/wp-content\/uploads\/2021\/09\/Imagem8.jpg 1936w\" sizes=\"auto, (max-width: 1024px) 100vw, 1024px\" \/>\t\t\t\t\t\t\t\t\t\t\t\t\t\t\t\n\t\t<h6><em>Fonte: GOB-RN<\/em><\/h6>","protected":false},"excerpt":{"rendered":"<p>HIST\u00d3RIA DO GRANDE ORIENTE DO BRASIL DO ESTADO DO RIO GRANDE DO NORTE 1. FUNDA\u00c7\u00c3O O Grande Oriente do Brasil \u2013 Rio Grande do Norte, foi fundado na data de 25 de Agosto de 1969, em uma reuni\u00e3o realizada no Templo da Gr\u2234 Ben\u2234 e Gr\u2234 Benf\u2234 Loj\u2234 Simb\u2234 21 de Mar\u00e7o, Oriente de Natal\/RN. [&hellip;]<\/p>\n","protected":false},"author":1,"featured_media":0,"parent":0,"menu_order":0,"comment_status":"closed","ping_status":"closed","template":"","meta":{"site-sidebar-layout":"default","site-content-layout":"default","ast-site-content-layout":"default","site-content-style":"default","site-sidebar-style":"default","ast-global-header-display":"","ast-banner-title-visibility":"","ast-main-header-display":"","ast-hfb-above-header-display":"","ast-hfb-below-header-display":"","ast-hfb-mobile-header-display":"","site-post-title":"","ast-breadcrumbs-content":"","ast-featured-img":"","footer-sml-layout":"","theme-transparent-header-meta":"default","adv-header-id-meta":"","stick-header-meta":"","header-above-stick-meta":"","header-main-stick-meta":"","header-below-stick-meta":"","astra-migrate-meta-layouts":"set","ast-page-background-enabled":"default","ast-page-background-meta":{"desktop":{"background-color":"","background-image":"","background-repeat":"repeat","background-position":"center center","background-size":"auto","background-attachment":"scroll","background-type":"","background-media":"","overlay-type":"","overlay-color":"","overlay-opacity":"","overlay-gradient":""},"tablet":{"background-color":"","background-image":"","background-repeat":"repeat","background-position":"center center","background-size":"auto","background-attachment":"scroll","background-type":"","background-media":"","overlay-type":"","overlay-color":"","overlay-opacity":"","overlay-gradient":""},"mobile":{"background-color":"","background-image":"","background-repeat":"repeat","background-position":"center center","background-size":"auto","background-attachment":"scroll","background-type":"","background-media":"","overlay-type":"","overlay-color":"","overlay-opacity":"","overlay-gradient":""}},"ast-content-background-meta":{"desktop":{"background-color":"var(--ast-global-color-5)","background-image":"","background-repeat":"repeat","background-position":"center center","background-size":"auto","background-attachment":"scroll","background-type":"","background-media":"","overlay-type":"","overlay-color":"","overlay-opacity":"","overlay-gradient":""},"tablet":{"background-color":"var(--ast-global-color-5)","background-image":"","background-repeat":"repeat","background-position":"center center","background-size":"auto","background-attachment":"scroll","background-type":"","background-media":"","overlay-type":"","overlay-color":"","overlay-opacity":"","overlay-gradient":""},"mobile":{"background-color":"var(--ast-global-color-5)","background-image":"","background-repeat":"repeat","background-position":"center center","background-size":"auto","background-attachment":"scroll","background-type":"","background-media":"","overlay-type":"","overlay-color":"","overlay-opacity":"","overlay-gradient":""}},"_themeisle_gutenberg_block_has_review":false,"footnotes":"","_links_to":"","_links_to_target":""},"class_list":["post-52","page","type-page","status-publish","hentry"],"_links":{"self":[{"href":"https:\/\/gobrn.org.br\/portal\/wp-json\/wp\/v2\/pages\/52","targetHints":{"allow":["GET"]}}],"collection":[{"href":"https:\/\/gobrn.org.br\/portal\/wp-json\/wp\/v2\/pages"}],"about":[{"href":"https:\/\/gobrn.org.br\/portal\/wp-json\/wp\/v2\/types\/page"}],"author":[{"embeddable":true,"href":"https:\/\/gobrn.org.br\/portal\/wp-json\/wp\/v2\/users\/1"}],"replies":[{"embeddable":true,"href":"https:\/\/gobrn.org.br\/portal\/wp-json\/wp\/v2\/comments?post=52"}],"version-history":[{"count":33,"href":"https:\/\/gobrn.org.br\/portal\/wp-json\/wp\/v2\/pages\/52\/revisions"}],"predecessor-version":[{"id":8770,"href":"https:\/\/gobrn.org.br\/portal\/wp-json\/wp\/v2\/pages\/52\/revisions\/8770"}],"wp:attachment":[{"href":"https:\/\/gobrn.org.br\/portal\/wp-json\/wp\/v2\/media?parent=52"}],"curies":[{"name":"wp","href":"https:\/\/api.w.org\/{rel}","templated":true}]}}