{"id":38,"date":"2021-07-02T03:30:21","date_gmt":"2021-07-02T03:30:21","guid":{"rendered":"https:\/\/gobrn.org.br\/portal\/?page_id=38"},"modified":"2021-09-07T22:59:52","modified_gmt":"2021-09-08T01:59:52","slug":"maconaria","status":"publish","type":"page","link":"https:\/\/gobrn.org.br\/portal\/maconaria\/","title":{"rendered":"Ma\u00e7onaria"},"content":{"rendered":"\t\t<div data-elementor-type=\"wp-page\" data-elementor-id=\"38\" data-post-id=\"38\" data-obj-id=\"38\" class=\"elementor elementor-38 dce-elementor-post-38\">\n\t\t\t\t\t\t<section class=\"elementor-section elementor-top-section elementor-element elementor-element-c8f6d9a elementor-section-boxed elementor-section-height-default elementor-section-height-default\" data-id=\"c8f6d9a\" data-element_type=\"section\" data-e-type=\"section\">\n\t\t\t\t\t\t<div class=\"elementor-container elementor-column-gap-default\">\n\t\t\t\t\t<div class=\"elementor-column elementor-col-100 elementor-top-column elementor-element elementor-element-c29b9f9\" data-id=\"c29b9f9\" data-element_type=\"column\" data-e-type=\"column\">\n\t\t\t<div class=\"elementor-widget-wrap elementor-element-populated\">\n\t\t\t\t\t\t<div class=\"elementor-element elementor-element-ec1029c elementor-headline--style-highlight elementor-widget elementor-widget-animated-headline\" data-id=\"ec1029c\" data-element_type=\"widget\" data-e-type=\"widget\" data-settings=\"{&quot;marker&quot;:&quot;underline_zigzag&quot;,&quot;headline_style&quot;:&quot;highlight&quot;,&quot;loop&quot;:&quot;yes&quot;,&quot;highlight_animation_duration&quot;:1200,&quot;highlight_iteration_delay&quot;:8000}\" data-widget_type=\"animated-headline.default\">\n\t\t\t\t<div class=\"elementor-widget-container\">\n\t\t\t\t\t\t\t<h3 class=\"elementor-headline\">\n\t\t\t\t<span class=\"elementor-headline-dynamic-wrapper elementor-headline-text-wrapper\">\n\t\t\t\t<\/span>\n\t\t\t\t<\/h3>\n\t\t\t\t\t\t<\/div>\n\t\t\t\t<\/div>\n\t\t\t\t\t<\/div>\n\t\t<\/div>\n\t\t\t\t\t<\/div>\n\t\t<\/section>\n\t\t\t\t<section class=\"elementor-section elementor-top-section elementor-element elementor-element-1b6c3ca elementor-section-boxed elementor-section-height-default elementor-section-height-default\" data-id=\"1b6c3ca\" data-element_type=\"section\" data-e-type=\"section\">\n\t\t\t\t\t\t<div class=\"elementor-container elementor-column-gap-default\">\n\t\t\t\t\t<div class=\"elementor-column elementor-col-100 elementor-top-column elementor-element elementor-element-41e3370\" data-id=\"41e3370\" data-element_type=\"column\" data-e-type=\"column\">\n\t\t\t<div class=\"elementor-widget-wrap elementor-element-populated\">\n\t\t\t\t\t\t<div class=\"elementor-element elementor-element-b87567c elementor-widget elementor-widget-text-editor\" data-id=\"b87567c\" data-element_type=\"widget\" data-e-type=\"widget\" data-widget_type=\"text-editor.default\">\n\t\t\t\t<div class=\"elementor-widget-container\">\n\t\t\t\t\t\t\t\t\t<p><strong>O que \u00e9 a Ma\u00e7onaria?<\/strong>\u2013 A Ma\u00e7onaria \u00e9 uma institui\u00e7\u00e3o essencialmente filos\u00f3fica, filantr\u00f3pica, educativa e progressista.<\/p><p><strong>Por que \u00e9 Filos\u00f3fica?<\/strong>-\u00c9 filos\u00f3fica porque em seus atos e cerim\u00f4nias ela trata da ess\u00eancia, propriedades e efeitos das causas naturais. Investiga as leis da natureza e relaciona as primeiras\u00a0bases\u00a0da moral e da \u00e9tica pura.<\/p><p><strong>Por que \u00e9 Filantr\u00f3pica?<\/strong>\u2013 \u00c9 filantr\u00f3pica porque n\u00e3o est\u00e1 constitu\u00edda para obter lucro pessoal de nenhuma classe, sen\u00e3o, pelo contr\u00e1rio, suas arrecada\u00e7\u00f5es e seus recursos se destinam ao bem-estar do g\u00eanero humano, sem distin\u00e7\u00e3o de nacionalidade, sexo, religi\u00e3o ou ra\u00e7a. Procura conseguir a felicidade dos homens por meio da eleva\u00e7\u00e3o espiritual e pela tranq\u00fcilidade da consci\u00eancia.<\/p><p><strong>Por que \u00e9 Progressista?<\/strong>\u2013 \u00c9 progressista porque partindo do princ\u00edpio da imortalidade e da cren\u00e7a em um princ\u00edpio criador\u00a0regular\u00a0e infinito, n\u00e3o se aferra a dogmas, preven\u00e7\u00f5es ou supersti\u00e7\u00f5es. E n\u00e3o p\u00f5e nenhum obst\u00e1culo ao esfor\u00e7o dos seres humanos na busca da verdade, nem reconhece outro limite nessa busca sen\u00e3o o da raz\u00e3o com base na ci\u00eancia.<\/p><p><strong>Quais s\u00e3o os seus princ\u00edpios?<\/strong>\u2013 A liberdade dos indiv\u00edduos e dos grupos humanos, sejam eles institui\u00e7\u00f5es, ra\u00e7as, na\u00e7\u00f5es; a igualdade de direitos e obriga\u00e7\u00f5es dos seres e grupos sem distinguir a religi\u00e3o, a ra\u00e7a ou nacionalidade; a fraternidade de todos os homens, j\u00e1 que somos todos filhos do mesmo CRIADOR e, portanto, humanos e como conseq\u00fc\u00eancia, a fraternidade entre todas as na\u00e7\u00f5es.<\/p><p><strong>Qual o seu lema?<\/strong>\u2013 Ci\u00eancia \u2013 Justi\u00e7a \u2013\u00a0Trabalho: Ci\u00eancia, para esclarecer os esp\u00edritos e elev\u00e1-los; Justi\u00e7a, para equilibrar e enaltecer as .rela\u00e7\u00f5es humanas; e Trabalho por meio do qual os homens se dignificam e se tornam independentes economicamente. Em uma palavra, a Ma\u00e7onaria trabalha para o melhoramento intelectual, moral e social da humanidade.<\/p><p><strong>Qual \u00e9 seu objetivo?<\/strong>\u2013 Seu objetivo \u00e9 a investiga\u00e7\u00e3o da verdade, o exame da moral\u00a0e a pr\u00e1tica das virtudes.<\/p><p><strong>O que entende a Ma\u00e7onaria por\u00a0moral?<\/strong>\u2013 Moral \u00e9 para a Ma\u00e7onaria uma ci\u00eancia com\u00a0base\u00a0no entendimento humano. \u00c9 a lei natural e universal que rege todos os seres racionais e livres. \u00c9 a demonstra\u00e7\u00e3o cient\u00edfica da consci\u00eancia. E essa maravilhosa ci\u00eancia nos ensina nossos deveres e a raz\u00e3o do uso dos nossos direitos. Ao penetrar a moral no mais profundo da nossa alma sentimos o triunfo da verdade e da justi\u00e7a.<\/p><p><strong>O que entende a Ma\u00e7onaria por virtude?<\/strong>\u2013 A Ma\u00e7onaria entende que virtude \u00e9 a for\u00e7a de fazer o bem em seu mais amplo sentido; \u00e9 o cumprimento de nossos deveres para com a sociedade e para com a nossa fam\u00edlia sem interesse pessoal. Em resumo: a virtude n\u00e3o retrocede nem ante o sacrif\u00edcio e nem mesmo ante a morte, quando se trata do cumprimento do dever.<\/p><p><strong>O que entende a Ma\u00e7onaria por dever?<\/strong>\u2013 A Ma\u00e7onaria entende por dever o respeito e os direitos dos indiv\u00edduos e da sociedade. Por\u00e9m n\u00e3o basta respeitar a propriedade apenas, mas, tamb\u00e9m, devemos proteger e servir aos nossos semelhantes. A Ma\u00e7onaria resume o dever do homem assim: \u201cRespeito a Deus, amor ao pr\u00f3ximo e dedica\u00e7\u00e3o \u00e0 fam\u00edlia\u201d. Em verdade, essa \u00e9 a maior s\u00edntese da fraternidade universal.<\/p><p><strong>A Ma\u00e7onaria \u00e9 religiosa?<\/strong>\u2013 Sim, \u00e9 religiosa, porque reconhece a exist\u00eancia de um \u00fanico princ\u00edpio criador, regulador, absoluto, supremo e infinito ao qual se d\u00e1, o nome de GRANDE ARQUITETO DO UNIVERSO, porque \u00e9 uma entidade espiritualista em contra posi\u00e7\u00e3o ao predom\u00ednio do materialismo. Estes fatores que s\u00e3o essenciais e indispens\u00e1veis para a interpreta\u00e7\u00e3o verdadeiramente religiosa e l\u00f3gica do UNIVERSO, formam a base de sustenta\u00e7\u00e3o e as grandes diretrizes de toda ideologia e atividade ma\u00e7\u00f4nicas.<\/p><p><strong>A Ma\u00e7onaria \u00e9 uma religi\u00e3o?<\/strong>\u2013 N\u00e3o. A Ma\u00e7onaria n\u00e3o \u00e9 uma religi\u00e3o. \u00c9 uma sociedade que tem por objetivo unir os homens entre si. Uni\u00e3o rec\u00edproca, no sentido mais amplo e elevado do termo. E nesse seu esfor\u00e7o de uni\u00e3o dos homens, admite em seu seio pessoas de todos os credos religiosos sem nenhuma distin\u00e7\u00e3o.<\/p><p><strong>Para ser Ma\u00e7om \u00e9 necess\u00e1rio renunciar \u00e0 religi\u00e3o a qual se pertence?<\/strong>\u2013 N\u00e3o, porque a Ma\u00e7onaria abriga em seu seio homens de qualquer religi\u00e3o, desde que acreditem em um s\u00f3 Criador, o GRANDE ARQUITETO DO UNIVERSO, que \u00e9 Deus. Geralmente existe essa cren\u00e7a entre os cat\u00f3licos, mas ilustres prelados tem pertencido \u00e0 Ordem Ma\u00e7\u00f4nica; entre outros, o Cura Hidalgo, Paladino da Liberdade Mexicana; o Padre Calvo, fundador da Ma\u00e7onaria na Am\u00e9rica Central; o Arcebispo da Venezuela, Don Ramon Ign\u00e1cio Mendez; Padre Diogo Antonio Feij\u00f3; C\u00f4negos Luiz Vieira, Jos\u00e9 da Silva de Oliveira Rolin, da Inconfid\u00eancia Mineira, Frei Miguelino, Frei Caneca e muitos outros.<\/p><p><strong>Quais outros homens ilustres que foram Ma\u00e7ons?<\/strong>\u2013 Fil\u00f3sofos como Voltaire, Goethe e Lessing; M\u00fasicos como Beethoven, Haydn e Mozart; Militares como Frederico o Grande, Napole\u00e3o e Garibaldi; Poetas como Byron, Lamartine e Hugo; Escritores como Castellar, Mazzini e Espling.<\/p><p><strong>Somente na Europa houve Ma\u00e7ons ilustres?<\/strong>\u2013 N\u00e3o. Tamb\u00e9m na Am\u00e9rica existiram. Os libertadores da Am\u00e9rica foram todos ma\u00e7ons.\u00a0Washington nos Estados Unidos; Miranda, o Padre da Liberdade sul-americana; San Martin e O\u2019Higgins, na Argentina; Bolivar, no Norte da Am\u00e9rica do Sul; Marti, em Cuba; Benito Juarez, no M\u00e9xico e o Imperador Dom Pedro I no Brasil.<\/p><p><strong>Quais os nomes de destaque no Brasil que foram Ma\u00e7ons?<\/strong>-D. Pedro I, Jos\u00e9 Bonif\u00e1cio, Gon\u00e7alves L\u00eado, Luis Alves de Lima e Silva (Duque de Caxias), Deodoro da Fonseca, Floriano Peixoto, Prudente de Morais, Campos Salles, Rodrigues Alves, Nilo Pe\u00e7anha, Hermes da Fonseca, Wenceslau Braz, Washington Luiz, Rui Barbosa e muitos outros.<\/p><p><strong>Ent\u00e3o a Ma\u00e7onaria \u00e9 tolerante?<\/strong>\u2013 A Ma\u00e7onaria \u00e9 eminentemente tolerante e exige dos seus. membros a mais ampla toler\u00e2ncia. Respeita as. Opini\u00f5es pol\u00edticas e cren\u00e7as religiosas de todos os homens, reconhecendo que todas as religi\u00f5es e ideais pol\u00edticos s\u00e3o igualmente respeit\u00e1veis e recha\u00e7a toda pretens\u00e3o de outorgar situa\u00e7\u00f5es de privil\u00e9gio a qualquer uma delas em\u00a0particular.<\/p><p><strong>O que a Ma\u00e7onaria combate?<\/strong>\u2013 A ignor\u00e2ncia, a supersti\u00e7\u00e3o, o fanatismo. O orgulho, a intemperan\u00e7a, o v\u00edcio, a disc\u00f3rdia, a domina\u00e7\u00e3o e os privil\u00e9gios.<\/p><p><strong>A Ma\u00e7onaria \u00e9 uma sociedade secreta?<\/strong>\u2013 N\u00e3o, pela simples raz\u00e3o de que sua exist\u00eancia \u00e9 amplamente conhecida. As autoridades de v\u00e1rios pa\u00edses lhe concedem personalidade jur\u00eddica. Seus fins s\u00e3o amplamente difundidos em dicion\u00e1rios, enciclop\u00e9dias, livros de hist\u00f3ria etc. O \u00fanico segredo que existe e n\u00e3o se conhece sen\u00e3o por meio do ingresso na institui\u00e7\u00e3o, s\u00e3o os meios para se reconhecer os ma\u00e7ons entre si, em qualquer parte do mundo e o modo de interpretar seus s\u00edmbolos e os ensinamentos neles contidos.<\/p><p><strong>Quais as principais obras da Ma\u00e7onaria no Brasil?<\/strong>\u2013 A Independ\u00eancia, a Aboli\u00e7\u00e3o e a Rep\u00fablica. Isto para citar somente os tr\u00eas maiores feitos da nossa hist\u00f3ria, em que os ma\u00e7ons tomaram parte ativa.<\/p><p><strong>Quais as condi\u00e7\u00f5es individuais indispens\u00e1veis para poder pertencer a Ma\u00e7onaria?<\/strong>\u2013 Crer na exist\u00eancia de um princ\u00edpio Criador; ser homem livre e de bons costumes; ser consciente de seus deveres para com a P\u00e1tria, seus semelhantes e consigo mesmo; ter uma profiss\u00e3o ou oficio l\u00edcito e honrado que lhe permita prover suas necessidades pessoais e de sua fam\u00edlia e a sustenta\u00e7\u00e3o das obras da Institui\u00e7\u00e3o.<\/p><p><strong>O que se exige dos Ma\u00e7ons?<\/strong>\u2013 Em princ\u00edpio, tudo aquilo que se exige ao ingresso em qualquer outra institui\u00e7\u00e3o: respeito aos seus estatutos, regulamentos e acatamento \u00e0s resolu\u00e7\u00f5es da maioria, tomadas de acordo com os princ\u00edpios que as regem; amor \u00e0 P\u00e1tria; respeito aos governos legalmente constitu\u00eddos; acatamento \u00e0s leis do pa\u00eds em que viva, etc. E em particular: a guarda do sigilo dos rituais ma\u00e7\u00f4nicos; conduta correta e digna dentro e fora da Ma\u00e7onaria; a dedica\u00e7\u00e3o de parte do seu\u00a0tempo\u00a0para assistir \u00e0s reuni\u00f5es ma\u00e7\u00f4nicas; a pr\u00e1tica da moral, da igualdade e da solidariedade humana e da justi\u00e7a em toda a sua plenitude. Ademais, se pro\u00edbe terminantemente dentro da institui\u00e7\u00e3o, as discuss\u00f5es pol\u00edticas e religiosas, porque prefere uma ampla base de entendimento entre os homens afim de evitar que sejam divididos por pequenas quest\u00f5es da vida civil.<\/p><p><strong>O que \u00e9 um Templo Ma\u00e7\u00f4nico?<\/strong>\u2013 \u00c9 um lugar onde se re\u00fanem os ma\u00e7ons periodicamente para praticar as cerim\u00f4nias ritual\u00edsticas que lhes s\u00e3o permitidas, em um ambiente fraternal e prop\u00edcio para concentrar sua aten\u00e7\u00e3o e esfor\u00e7os para melhorar seu car\u00e1ter, sua vida espiritual e desenvolver seu sentimento de responsabilidade, fazendo-lhes meditar tranquilamente sobre a miss\u00e3o do homem na vida, recordando-lhes constantemente os valores eternos cujo cultivo lhes possibilitar\u00e1 acercar-se da verdade.<\/p><p><strong>O que se obt\u00eam sendo Ma\u00e7om?<\/strong><\/p><p>\u2013 A possibilidade de aperfei\u00e7oar-se, de instruir-se, de disciplinar-se, de conviver com pessoas que, por suas palavras, por suas obras, podem constituir-se em exemplos; encontrar afetos fraternais em qualquer lugar em que se esteja dentro ou fora do pa\u00eds. Finalmente, a enorme satisfa\u00e7\u00e3o de haver contribu\u00eddo, mesmo em pequena parcela, para a obra moral e grandiosa levada a efeito pelos homens. A Ma\u00e7onaria n\u00e3o considera poss\u00edvel o progresso sen\u00e3o na base de respeito \u00e0 personalidade, \u00e0 justi\u00e7a\u00a0social\u00a0e a mais estreita solidariedade entre os homens. Ostenta o seu lema \u201cLiberdade, Igualdade e Fraternidade\u201d com a absten\u00e7\u00e3o das bandeiras pol\u00edticas e religiosas. O segredo ma\u00e7\u00f4nico, que de m\u00e1 f\u00e9 e caluniosamente tem se servido os seus inimigos para faz\u00ea-la suspeita entre os esp\u00edritos c\u00e2ndidos ou em decad\u00eancia, n\u00e3o \u00e9 um dogma sen\u00e3o um procedimento, uma garantia, uma defesa necess\u00e1ria e leg\u00edtima, por\u00e9m como inevitavelmente tem sucedido com todo direito e seu dever correlativo, o preceito das reservas ma\u00e7\u00f4nicas j\u00e1 tem experimentado sua evolu\u00e7\u00e3o nos tempos e segundo os pa\u00edses. A Ma\u00e7onaria n\u00e3o tem preconceito de poderes, e nem admite em seu seio, pessoas que n\u00e3o tenham um m\u00ednimo de cultura que lhes permitam praticar os seus sentimentos e tenham uma profiss\u00e3o ou renda com que possam atender \u00e0s necessidades dos seus familiares, fazer face \u00e0s despesas da sociedade e socorros aos necessitados.<\/p>\t\t\t\t\t\t\t\t<\/div>\n\t\t\t\t<\/div>\n\t\t\t\t\t<\/div>\n\t\t<\/div>\n\t\t\t\t\t<\/div>\n\t\t<\/section>\n\t\t\t\t<\/div>\n\t\t","protected":false},"excerpt":{"rendered":"<p>O que \u00e9 a Ma\u00e7onaria?\u2013 A Ma\u00e7onaria \u00e9 uma institui\u00e7\u00e3o essencialmente filos\u00f3fica, filantr\u00f3pica, educativa e progressista. Por que \u00e9 Filos\u00f3fica?-\u00c9 filos\u00f3fica porque em seus atos e cerim\u00f4nias ela trata da ess\u00eancia, propriedades e efeitos das causas naturais. Investiga as leis da natureza e relaciona as primeiras\u00a0bases\u00a0da moral e da \u00e9tica pura. Por que \u00e9 Filantr\u00f3pica?\u2013 [&hellip;]<\/p>\n","protected":false},"author":1,"featured_media":0,"parent":0,"menu_order":0,"comment_status":"closed","ping_status":"closed","template":"","meta":{"site-sidebar-layout":"no-sidebar","site-content-layout":"page-builder","ast-site-content-layout":"default","site-content-style":"default","site-sidebar-style":"default","ast-global-header-display":"","ast-banner-title-visibility":"","ast-main-header-display":"","ast-hfb-above-header-display":"","ast-hfb-below-header-display":"","ast-hfb-mobile-header-display":"","site-post-title":"disabled","ast-breadcrumbs-content":"","ast-featured-img":"disabled","footer-sml-layout":"","theme-transparent-header-meta":"default","adv-header-id-meta":"","stick-header-meta":"","header-above-stick-meta":"","header-main-stick-meta":"","header-below-stick-meta":"","astra-migrate-meta-layouts":"default","ast-page-background-enabled":"default","ast-page-background-meta":{"desktop":{"background-color":"","background-image":"","background-repeat":"repeat","background-position":"center center","background-size":"auto","background-attachment":"scroll","background-type":"","background-media":"","overlay-type":"","overlay-color":"","overlay-opacity":"","overlay-gradient":""},"tablet":{"background-color":"","background-image":"","background-repeat":"repeat","background-position":"center center","background-size":"auto","background-attachment":"scroll","background-type":"","background-media":"","overlay-type":"","overlay-color":"","overlay-opacity":"","overlay-gradient":""},"mobile":{"background-color":"","background-image":"","background-repeat":"repeat","background-position":"center center","background-size":"auto","background-attachment":"scroll","background-type":"","background-media":"","overlay-type":"","overlay-color":"","overlay-opacity":"","overlay-gradient":""}},"ast-content-background-meta":{"desktop":{"background-color":"var(--ast-global-color-5)","background-image":"","background-repeat":"repeat","background-position":"center center","background-size":"auto","background-attachment":"scroll","background-type":"","background-media":"","overlay-type":"","overlay-color":"","overlay-opacity":"","overlay-gradient":""},"tablet":{"background-color":"var(--ast-global-color-5)","background-image":"","background-repeat":"repeat","background-position":"center center","background-size":"auto","background-attachment":"scroll","background-type":"","background-media":"","overlay-type":"","overlay-color":"","overlay-opacity":"","overlay-gradient":""},"mobile":{"background-color":"var(--ast-global-color-5)","background-image":"","background-repeat":"repeat","background-position":"center center","background-size":"auto","background-attachment":"scroll","background-type":"","background-media":"","overlay-type":"","overlay-color":"","overlay-opacity":"","overlay-gradient":""}},"_themeisle_gutenberg_block_has_review":false,"footnotes":"","_links_to":"","_links_to_target":""},"class_list":["post-38","page","type-page","status-publish","hentry"],"_links":{"self":[{"href":"https:\/\/gobrn.org.br\/portal\/wp-json\/wp\/v2\/pages\/38","targetHints":{"allow":["GET"]}}],"collection":[{"href":"https:\/\/gobrn.org.br\/portal\/wp-json\/wp\/v2\/pages"}],"about":[{"href":"https:\/\/gobrn.org.br\/portal\/wp-json\/wp\/v2\/types\/page"}],"author":[{"embeddable":true,"href":"https:\/\/gobrn.org.br\/portal\/wp-json\/wp\/v2\/users\/1"}],"replies":[{"embeddable":true,"href":"https:\/\/gobrn.org.br\/portal\/wp-json\/wp\/v2\/comments?post=38"}],"version-history":[{"count":7,"href":"https:\/\/gobrn.org.br\/portal\/wp-json\/wp\/v2\/pages\/38\/revisions"}],"predecessor-version":[{"id":988,"href":"https:\/\/gobrn.org.br\/portal\/wp-json\/wp\/v2\/pages\/38\/revisions\/988"}],"wp:attachment":[{"href":"https:\/\/gobrn.org.br\/portal\/wp-json\/wp\/v2\/media?parent=38"}],"curies":[{"name":"wp","href":"https:\/\/api.w.org\/{rel}","templated":true}]}}