{"id":237,"date":"2021-08-19T01:17:52","date_gmt":"2021-08-19T01:17:52","guid":{"rendered":"https:\/\/gobrn.org.br\/portal\/?page_id=237"},"modified":"2021-09-23T22:28:52","modified_gmt":"2021-09-24T01:28:52","slug":"como-se-tornar-macon","status":"publish","type":"page","link":"https:\/\/gobrn.org.br\/portal\/como-se-tornar-macon\/","title":{"rendered":"Como se tornar Ma\u00e7on"},"content":{"rendered":"\t\t<div data-elementor-type=\"wp-page\" data-elementor-id=\"237\" data-post-id=\"237\" data-obj-id=\"237\" class=\"elementor elementor-237 dce-elementor-post-237\">\n\t\t\t\t\t\t<section class=\"elementor-section elementor-top-section elementor-element elementor-element-f22dd4e elementor-section-boxed elementor-section-height-default elementor-section-height-default\" data-id=\"f22dd4e\" data-element_type=\"section\" data-e-type=\"section\">\n\t\t\t\t\t\t<div class=\"elementor-container elementor-column-gap-default\">\n\t\t\t\t\t<div class=\"elementor-column elementor-col-100 elementor-top-column elementor-element elementor-element-532f5af6\" data-id=\"532f5af6\" data-element_type=\"column\" data-e-type=\"column\">\n\t\t\t<div class=\"elementor-widget-wrap elementor-element-populated\">\n\t\t\t\t\t\t<div class=\"elementor-element elementor-element-1928786f elementor-widget elementor-widget-text-editor\" data-id=\"1928786f\" data-element_type=\"widget\" data-e-type=\"widget\" data-widget_type=\"text-editor.default\">\n\t\t\t\t<div class=\"elementor-widget-container\">\n\t\t\t\t\t\t\t\t\t\t\t\t\t\t\t\t\t<\/div>\n\t\t\t\t<\/div>\n\t\t\t\t\t<\/div>\n\t\t<\/div>\n\t\t\t\t\t<\/div>\n\t\t<\/section>\n\t\t\t\t<section class=\"elementor-section elementor-top-section elementor-element elementor-element-3db13ea elementor-section-boxed elementor-section-height-default elementor-section-height-default\" data-id=\"3db13ea\" data-element_type=\"section\" data-e-type=\"section\">\n\t\t\t\t\t\t<div class=\"elementor-container elementor-column-gap-default\">\n\t\t\t\t\t<div class=\"elementor-column elementor-col-100 elementor-top-column elementor-element elementor-element-b96d929\" data-id=\"b96d929\" data-element_type=\"column\" data-e-type=\"column\">\n\t\t\t<div class=\"elementor-widget-wrap elementor-element-populated\">\n\t\t\t\t\t\t<div class=\"elementor-element elementor-element-b67cec6 elementor-headline--style-highlight elementor-widget elementor-widget-animated-headline\" data-id=\"b67cec6\" data-element_type=\"widget\" data-e-type=\"widget\" data-settings=\"{&quot;marker&quot;:&quot;underline_zigzag&quot;,&quot;highlighted_text&quot;:&quot;Como se tornar Ma\\u00e7on&quot;,&quot;headline_style&quot;:&quot;highlight&quot;,&quot;loop&quot;:&quot;yes&quot;,&quot;highlight_animation_duration&quot;:1200,&quot;highlight_iteration_delay&quot;:8000}\" data-widget_type=\"animated-headline.default\">\n\t\t\t\t<div class=\"elementor-widget-container\">\n\t\t\t\t\t\t\t<h3 class=\"elementor-headline\">\n\t\t\t\t<span class=\"elementor-headline-dynamic-wrapper elementor-headline-text-wrapper\">\n\t\t\t\t\t<span class=\"elementor-headline-dynamic-text elementor-headline-text-active\">Como se tornar Ma\u00e7on<\/span>\n\t\t\t\t<\/span>\n\t\t\t\t<\/h3>\n\t\t\t\t\t\t<\/div>\n\t\t\t\t<\/div>\n\t\t\t\t\t<\/div>\n\t\t<\/div>\n\t\t\t\t\t<\/div>\n\t\t<\/section>\n\t\t\t\t<section class=\"elementor-section elementor-top-section elementor-element elementor-element-4248fe9 elementor-section-boxed elementor-section-height-default elementor-section-height-default\" data-id=\"4248fe9\" data-element_type=\"section\" data-e-type=\"section\">\n\t\t\t\t\t\t<div class=\"elementor-container elementor-column-gap-default\">\n\t\t\t\t\t<div class=\"elementor-column elementor-col-100 elementor-top-column elementor-element elementor-element-2624cfa\" data-id=\"2624cfa\" data-element_type=\"column\" data-e-type=\"column\">\n\t\t\t<div class=\"elementor-widget-wrap elementor-element-populated\">\n\t\t\t\t\t\t<div class=\"elementor-element elementor-element-75e17a2 elementor-widget elementor-widget-text-editor\" data-id=\"75e17a2\" data-element_type=\"widget\" data-e-type=\"widget\" data-widget_type=\"text-editor.default\">\n\t\t\t\t<div class=\"elementor-widget-container\">\n\t\t\t\t\t\t\t\t\t<div class=\"column mcb-column mcb-item-fkk8m04lu one-fourth column_placeholder\">\n<div class=\"placeholder\">\u00a0<\/div>\n<\/div>\n<div class=\"column mcb-column mcb-item-1kqmse9nr one column_visual\">\n<p><iframe src=\"https:\/\/www.youtube.com\/embed\/s3CE2BKEwb4\" width=\"956\" height=\"538\" frameborder=\"0\" allowfullscreen=\"allowfullscreen\" data-mce-fragment=\"1\"><\/iframe><\/p>\n<\/div>\n<div class=\"column mcb-column mcb-item-8effgvs1c one column_visual\">\n<p>Antes de mais nada, o postulante ao ingresso nos quadros da Ordem Ma\u00e7\u00f4nica, deve autoavaliar-se em busca de valores, costumes, atitudes (interiores), e\u00a0 comportamentos sociais exteriorizados cotejando-os com algumas premissas a seguir apresentadas.<\/p>\n<p>O Candidato deve identificar-se com os aspectos a seguir:<\/p>\n<ul>\n<li><strong>Legal:<\/strong><\/li>\n<\/ul>\n<p>\u2013 ser emancipado e ter completado 18 anos antes da cerim\u00f4nia de Inicia\u00e7\u00e3o;<br \/>\u2013\u00a0se dependente pecuniariamente, obter anu\u00eancia dos tutores ou genitores;<br \/>\u2013 se engajado em uni\u00e3o est\u00e1vel, contar com a concord\u00e2ncia da esposa;<br \/>\u2013\u00a0ser um homem \u00edntegro, ligado e atualizado em rela\u00e7\u00e3o ao seu tempo;<br \/>\u2013\u00a0ser empreendedor e capaz de assumir responsabilidades;<br \/>\u2013\u00a0ter emprego, resid\u00eancia e domic\u00edlio fixos, no Oriente (estado, munic\u00edpio) pleiteado; suas atividades profissionais devem ser l\u00edcitas, n\u00e3o importando o metier;<br \/>\u2013\u00a0esperar encontrar na Loja pleiteada, homens livres, de bons costumes, capazes de realizar obras poderosas em benef\u00edcio da Humanidade, da P\u00e1tria e da Fam\u00edlia;<\/p>\n<ul>\n<li><strong>doutrin\u00e1rio<\/strong>:<\/li>\n<\/ul>\n<p>\u2013\u00a0ter religiosidade, melhor do que religi\u00e3o;<br \/>\u2013\u00a0crer em Deus, acima de tudo;<br \/>\u2013\u00a0ter uma id\u00e9ia clara da virtude e do v\u00edcio, adotando aquela e rejeitando este;<br \/>\u2013\u00a0estar apto a apreender conhecimentos lit\u00fargicos e filos\u00f3ficos;<br \/>\u2013\u00a0distinguir entre religi\u00e3o e ma\u00e7onaria;<br \/>\u2013\u00a0ser respeitado na Inicia\u00e7\u00e3o, n\u00e3o s\u00f3 pelas caracter\u00edsticas esot\u00e9ricas, exot\u00e9ricas e metaf\u00edsicas do evento, como pelo significado simb\u00f3lico trazido pelas nossas tradi\u00e7\u00f5es e regularidade;<\/p>\n<ul>\n<li><strong>pr\u00e1tico:<\/strong><\/li>\n<\/ul>\n<p>\u2013\u00a0apresentar bons costumes;<br \/>\u2013\u00a0ter boa fam\u00edlia;<br \/>\u2013\u00a0seguir as leis;<\/p>\n<ul>\n<li><strong>metaf\u00edsico:<\/strong><\/li>\n<\/ul>\n<p>\u2013\u00a0ser receptivo \u00e0s id\u00e9ias;<br \/>\u2013 estar ideologicamente alinhado com a ideia de Deus;<\/p>\n<ul>\n<li><strong>da tradi\u00e7\u00e3o:<\/strong><\/li>\n<\/ul>\n<p>\u2013\u00a0estar apto; ou pronto, disposto e capacitado, \u201csponte SUA\u201d;<\/p>\n<ul>\n<li><strong>inici\u00e1tico:<\/strong><\/li>\n<\/ul>\n<p>\u2013\u00a0creditar respeito ao processo;<br \/>\u2013\u00a0manter o esp\u00edrito receptivo (\u201cnada lhe ser\u00e1 cobrado; tudo lhe ser\u00e1 dado\u201d);<\/p>\n<p>A admiss\u00e3o \u00e0 Ma\u00e7onaria \u00e9 restrita a pessoas adultas sem limita\u00e7\u00f5es quanto \u00e0 ra\u00e7a, credo e nacionalidade, desde que gozem de reputa\u00e7\u00e3o ilibada e que sejam homens \u00edntegros.<\/p>\n<p>Nenhum homem, por melhor que seja, poder\u00e1 ser recebido na Ma\u00e7onaria, sem o consentimento de todos os ma\u00e7ons. Se algu\u00e9m fosse imposto \u00e0 Ma\u00e7onaria, poderia ali causar desarmonia, ou perturbar a liberdade dos demais, o que sempre deve ser evitado.<\/p>\n<p>A aceita\u00e7\u00e3o do pedido de ingresso na Ordem depende bastante da declara\u00e7\u00e3o de motivos do candidato. A Ordem espera que o candidato seja sincero perante sua pr\u00f3pria consci\u00eancia, quando do preenchimento da proposta de admiss\u00e3o.<\/p>\n<p>Quando algu\u00e9m se candidata a ingressar na Ma\u00e7onaria, \u00e9 verificado em sindic\u00e2ncia se disp\u00f5e de ganhos pecuni\u00e1rios que permitam cumprir os compromissos ma\u00e7\u00f4nicos, sem sacrificar a fam\u00edlia. Vale dizer que nenhum homem casado poder\u00e1 entrar para a Ma\u00e7onaria sem que a esposa esteja de acordo.<\/p>\n<p>\u00c9 \u00f3bvio que, ao se iniciar na Ma\u00e7onaria, o indiv\u00edduo dever\u00e1 assumir compromissos derivados de participa\u00e7\u00e3o engajada e respons\u00e1vel nas lides ma\u00e7\u00f4nicas. Entre os compromissos e responsabilidades, encontram-se aqueles de estudar, com mente aberta, as instru\u00e7\u00f5es ma\u00e7\u00f4nicas, bem como, o de considerar denso sigilo sobre os ensinamentos recebidos e contribuir pecuniariamente para a manuten\u00e7\u00e3o de sua Loja e sua Obedi\u00eancia. Os compromissos e responsabilidades, a prop\u00f3sito, s\u00e3o do mesmo g\u00eanero daquelas encontradas em qualquer associa\u00e7\u00e3o humana.<\/p>\n<p>\u00c9 fato inconteste que uma das finalidades da Ordem \u00e9 a de implantar sistematicamente na sociedade humana uma efetiva fraternidade entre os homens.<\/p>\n<p>Ao contr\u00e1rio do &#8220;folclore&#8221; que alimenta a cren\u00e7a de muita gente, a Ma\u00e7onaria n\u00e3o \u00e9 uma sociedade secreta e exerce suas atividades extensivamente, sob o p\u00e1lio da legitimidade de sua natureza e da legalidade de seus atos e fatos administrativos, fiscais e tribut\u00e1rios. Suas Propriedades, Constitui\u00e7\u00f5es, Emendas, Regimentos e Estatutos s\u00e3o registrados em cart\u00f3rio de im\u00f3veis, t\u00edtulos e documentos, e publicados em Di\u00e1rio Oficial.<\/p>\n<p>Uma vez Iniciado, o postulante torna-se Ma\u00e7om, e, como tal, estar\u00e1, para todo o sempre, sob constante vigil\u00e2ncia de sua pr\u00f3pria consci\u00eancia e dos demais Ma\u00e7ons.<\/p>\n<p>Isso posto, havendo seu interesse em &#8220;entrar&#8221; na Ma\u00e7onaria, entre em contato com um Ma\u00e7om de seu conhecimento ou com uma Loja Ma\u00e7\u00f4nica de sua cidade.\u00a0<strong>Se preferir, clique no bot\u00e3o &#8220;Manifesta\u00e7\u00e3o de interesse&#8221; logo abaixo e preencha seus dados<\/strong>. Encaminharemos para an\u00e1lise de uma Loja pr\u00f3xima de voc\u00ea.<\/p>\n<\/div>\t\t\t\t\t\t\t\t<\/div>\n\t\t\t\t<\/div>\n\t\t\t\t\t<\/div>\n\t\t<\/div>\n\t\t\t\t\t<\/div>\n\t\t<\/section>\n\t\t\t\t<section class=\"elementor-section elementor-top-section elementor-element elementor-element-e5b3336 elementor-section-boxed elementor-section-height-default elementor-section-height-default\" data-id=\"e5b3336\" data-element_type=\"section\" data-e-type=\"section\">\n\t\t\t\t\t\t<div class=\"elementor-container elementor-column-gap-default\">\n\t\t\t\t\t<div class=\"elementor-column elementor-col-100 elementor-top-column elementor-element elementor-element-e118a6e\" data-id=\"e118a6e\" data-element_type=\"column\" data-e-type=\"column\">\n\t\t\t<div class=\"elementor-widget-wrap elementor-element-populated\">\n\t\t\t\t\t\t<div class=\"elementor-element elementor-element-b176336 elementor-align-center elementor-widget elementor-widget-button\" data-id=\"b176336\" data-element_type=\"widget\" data-e-type=\"widget\" data-widget_type=\"button.default\">\n\t\t\t\t<div class=\"elementor-widget-container\">\n\t\t\t\t\t\t\t\t\t<div class=\"elementor-button-wrapper\">\n\t\t\t\t\t<a class=\"elementor-button elementor-button-link elementor-size-sm\" href=\"https:\/\/forms.gle\/PRSQXVxS2b6aVXBT9\" target=\"_blank\">\n\t\t\t\t\t\t<span class=\"elementor-button-content-wrapper\">\n\t\t\t\t\t\t<span class=\"elementor-button-icon\">\n\t\t\t\t<svg aria-hidden=\"true\" class=\"e-font-icon-svg e-fas-atlas\" viewBox=\"0 0 448 512\" xmlns=\"http:\/\/www.w3.org\/2000\/svg\"><path d=\"M318.38 208h-39.09c-1.49 27.03-6.54 51.35-14.21 70.41 27.71-13.24 48.02-39.19 53.3-70.41zm0-32c-5.29-31.22-25.59-57.17-53.3-70.41 7.68 19.06 12.72 43.38 14.21 70.41h39.09zM224 97.31c-7.69 7.45-20.77 34.42-23.43 78.69h46.87c-2.67-44.26-15.75-71.24-23.44-78.69zm-41.08 8.28c-27.71 13.24-48.02 39.19-53.3 70.41h39.09c1.49-27.03 6.53-51.35 14.21-70.41zm0 172.82c-7.68-19.06-12.72-43.38-14.21-70.41h-39.09c5.28 31.22 25.59 57.17 53.3 70.41zM247.43 208h-46.87c2.66 44.26 15.74 71.24 23.43 78.69 7.7-7.45 20.78-34.43 23.44-78.69zM448 358.4V25.6c0-16-9.6-25.6-25.6-25.6H96C41.6 0 0 41.6 0 96v320c0 54.4 41.6 96 96 96h326.4c12.8 0 25.6-9.6 25.6-25.6v-16c0-6.4-3.2-12.8-9.6-19.2-3.2-16-3.2-60.8 0-73.6 6.4-3.2 9.6-9.6 9.6-19.2zM224 64c70.69 0 128 57.31 128 128s-57.31 128-128 128S96 262.69 96 192 153.31 64 224 64zm160 384H96c-19.2 0-32-12.8-32-32s16-32 32-32h288v64z\"><\/path><\/svg>\t\t\t<\/span>\n\t\t\t\t\t\t\t\t\t<span class=\"elementor-button-text\">Manifesto de Interesse<\/span>\n\t\t\t\t\t<\/span>\n\t\t\t\t\t<\/a>\n\t\t\t\t<\/div>\n\t\t\t\t\t\t\t\t<\/div>\n\t\t\t\t<\/div>\n\t\t\t\t\t<\/div>\n\t\t<\/div>\n\t\t\t\t\t<\/div>\n\t\t<\/section>\n\t\t\t\t<\/div>\n\t\t","protected":false},"excerpt":{"rendered":"<p>Como se tornar Ma\u00e7on \u00a0 Antes de mais nada, o postulante ao ingresso nos quadros da Ordem Ma\u00e7\u00f4nica, deve autoavaliar-se em busca de valores, costumes, atitudes (interiores), e\u00a0 comportamentos sociais exteriorizados cotejando-os com algumas premissas a seguir apresentadas. O Candidato deve identificar-se com os aspectos a seguir: Legal: \u2013 ser emancipado e ter completado 18 [&hellip;]<\/p>\n","protected":false},"author":1,"featured_media":0,"parent":0,"menu_order":0,"comment_status":"closed","ping_status":"closed","template":"","meta":{"site-sidebar-layout":"default","site-content-layout":"content-boxed-container","ast-site-content-layout":"default","site-content-style":"default","site-sidebar-style":"default","ast-global-header-display":"","ast-banner-title-visibility":"","ast-main-header-display":"","ast-hfb-above-header-display":"","ast-hfb-below-header-display":"","ast-hfb-mobile-header-display":"","site-post-title":"disabled","ast-breadcrumbs-content":"disabled","ast-featured-img":"","footer-sml-layout":"","theme-transparent-header-meta":"default","adv-header-id-meta":"","stick-header-meta":"","header-above-stick-meta":"","header-main-stick-meta":"","header-below-stick-meta":"","astra-migrate-meta-layouts":"default","ast-page-background-enabled":"default","ast-page-background-meta":{"desktop":{"background-color":"","background-image":"","background-repeat":"repeat","background-position":"center center","background-size":"auto","background-attachment":"scroll","background-type":"","background-media":"","overlay-type":"","overlay-color":"","overlay-opacity":"","overlay-gradient":""},"tablet":{"background-color":"","background-image":"","background-repeat":"repeat","background-position":"center center","background-size":"auto","background-attachment":"scroll","background-type":"","background-media":"","overlay-type":"","overlay-color":"","overlay-opacity":"","overlay-gradient":""},"mobile":{"background-color":"","background-image":"","background-repeat":"repeat","background-position":"center center","background-size":"auto","background-attachment":"scroll","background-type":"","background-media":"","overlay-type":"","overlay-color":"","overlay-opacity":"","overlay-gradient":""}},"ast-content-background-meta":{"desktop":{"background-color":"var(--ast-global-color-5)","background-image":"","background-repeat":"repeat","background-position":"center center","background-size":"auto","background-attachment":"scroll","background-type":"","background-media":"","overlay-type":"","overlay-color":"","overlay-opacity":"","overlay-gradient":""},"tablet":{"background-color":"var(--ast-global-color-5)","background-image":"","background-repeat":"repeat","background-position":"center center","background-size":"auto","background-attachment":"scroll","background-type":"","background-media":"","overlay-type":"","overlay-color":"","overlay-opacity":"","overlay-gradient":""},"mobile":{"background-color":"var(--ast-global-color-5)","background-image":"","background-repeat":"repeat","background-position":"center center","background-size":"auto","background-attachment":"scroll","background-type":"","background-media":"","overlay-type":"","overlay-color":"","overlay-opacity":"","overlay-gradient":""}},"_themeisle_gutenberg_block_has_review":false,"footnotes":"","_links_to":"","_links_to_target":""},"class_list":["post-237","page","type-page","status-publish","hentry"],"_links":{"self":[{"href":"https:\/\/gobrn.org.br\/portal\/wp-json\/wp\/v2\/pages\/237","targetHints":{"allow":["GET"]}}],"collection":[{"href":"https:\/\/gobrn.org.br\/portal\/wp-json\/wp\/v2\/pages"}],"about":[{"href":"https:\/\/gobrn.org.br\/portal\/wp-json\/wp\/v2\/types\/page"}],"author":[{"embeddable":true,"href":"https:\/\/gobrn.org.br\/portal\/wp-json\/wp\/v2\/users\/1"}],"replies":[{"embeddable":true,"href":"https:\/\/gobrn.org.br\/portal\/wp-json\/wp\/v2\/comments?post=237"}],"version-history":[{"count":13,"href":"https:\/\/gobrn.org.br\/portal\/wp-json\/wp\/v2\/pages\/237\/revisions"}],"predecessor-version":[{"id":2211,"href":"https:\/\/gobrn.org.br\/portal\/wp-json\/wp\/v2\/pages\/237\/revisions\/2211"}],"wp:attachment":[{"href":"https:\/\/gobrn.org.br\/portal\/wp-json\/wp\/v2\/media?parent=237"}],"curies":[{"name":"wp","href":"https:\/\/api.w.org\/{rel}","templated":true}]}}