{"id":2122,"date":"2021-09-22T08:41:48","date_gmt":"2021-09-22T11:41:48","guid":{"rendered":"https:\/\/gobrn.org.br\/portal\/?page_id=2122"},"modified":"2023-09-10T12:59:09","modified_gmt":"2023-09-10T15:59:09","slug":"boletim-oficial","status":"publish","type":"page","link":"https:\/\/gobrn.org.br\/portal\/boletim-oficial\/","title":{"rendered":"Boletim Oficial"},"content":{"rendered":"<style>\/*! elementor - v3.4.3 - 11-09-2021 *\/<br \/>\n.elementor-heading-title{padding:0;margin:0;line-height:1}.elementor-widget-heading .elementor-heading-title[class*=elementor-size-]>a{color:inherit;font-size:inherit;line-height:inherit}.elementor-widget-heading .elementor-heading-title.elementor-size-small{font-size:15px}.elementor-widget-heading .elementor-heading-title.elementor-size-medium{font-size:19px}.elementor-widget-heading .elementor-heading-title.elementor-size-large{font-size:29px}.elementor-widget-heading .elementor-heading-title.elementor-size-xl{font-size:39px}.elementor-widget-heading .elementor-heading-title.elementor-size-xxl{font-size:59px}<\/style>\n<h2>Boletins Publicados GOB-RN<\/h2>\n<table id=\"ptp_f57d87cd64556132_1\" class=\"posts-data-table\" width=\"100%\" data-config=\"{&quot;pageLength&quot;:25,&quot;pagingType&quot;:&quot;simple&quot;,&quot;serverSide&quot;:false,&quot;autoWidth&quot;:true,&quot;clickFilter&quot;:true,&quot;scrollOffset&quot;:15,&quot;resetButton&quot;:false,&quot;lengthMenu&quot;:[[10,25,50,100,-1],[10,25,50,100,&quot;Todos&quot;]],&quot;columnDefs&quot;:[{&quot;className&quot;:&quot;col-anexo_do_boletim&quot;,&quot;targets&quot;:0},{&quot;className&quot;:&quot;col-title&quot;,&quot;targets&quot;:1},{&quot;className&quot;:&quot;col-content&quot;,&quot;targets&quot;:2},{&quot;className&quot;:&quot;col-mes_de_referencia&quot;,&quot;targets&quot;:3},{&quot;className&quot;:&quot;col-ano_publicacao&quot;,&quot;targets&quot;:4},{&quot;className&quot;:&quot;col-data_de_publicacao&quot;,&quot;targets&quot;:5}],&quot;dom&quot;:&quot;&lt;\\&quot;posts-table-wrapper astra\\&quot;&lt;\\&quot;posts-table-above posts-table-controls\\&quot;lf&gt;t&lt;\\&quot;posts-table-below posts-table-controls\\&quot;ip&gt;&gt;&quot;}\" data-filters=\"{&quot;categorias&quot;:{&quot;taxonomy&quot;:&quot;categorias&quot;,&quot;heading&quot;:&quot;Categorias&quot;,&quot;terms&quot;:[{&quot;name&quot;:&quot;AGOSTO&quot;,&quot;slug&quot;:&quot;agosto&quot;},{&quot;name&quot;:&quot;OUTUBRO&quot;,&quot;slug&quot;:&quot;outubro&quot;},{&quot;name&quot;:&quot;SETEMBRO&quot;,&quot;slug&quot;:&quot;setembro&quot;}]},&quot;ano_publicacao&quot;:{&quot;taxonomy&quot;:&quot;ano_publicacao&quot;,&quot;heading&quot;:&quot;Ano Publicacao&quot;,&quot;terms&quot;:[{&quot;name&quot;:&quot;2021&quot;,&quot;slug&quot;:&quot;2021&quot;},{&quot;name&quot;:&quot;2023&quot;,&quot;slug&quot;:&quot;2023&quot;}]}}\" data-order='[[1, \"asc\"]]'><thead><tr><th class=\"col-anexo_do_boletim all\" data-name=\"anexo_do_boletim\" data-orderable=\"true\" data-searchable=\"true\" data-width=\"10%\">Baixar<\/th><th class=\"col-title\" data-name=\"title\" data-orderable=\"true\" data-searchable=\"true\" data-width=\"20%\" data-priority=\"1\">Descri\u00e7\u00e3o<\/th><th class=\"col-content\" data-name=\"content\" data-orderable=\"true\" data-searchable=\"true\" data-width=\"35%\" data-priority=\"8\">Conte\u00fado<\/th><th class=\"col-mes_de_referencia\" data-name=\"mes_de_referencia\" data-orderable=\"true\" data-searchable=\"true\" data-width=\"15%\">M\u00eas<\/th><th class=\"col-ano_publicacao\" data-name=\"ano_publicacao\" data-orderable=\"true\" data-searchable=\"true\" data-width=\"10%\">Ano<\/th><th class=\"col-data_de_publicacao\" data-name=\"data_de_publicacao\" data-orderable=\"true\" data-searchable=\"true\">Publica\u00e7\u00e3o<\/th><th data-name=\"categorias_hfilter\" data-tax=\"categorias\" data-searchable=\"true\" data-visible=\"false\">categorias_hfilter<\/th><th data-name=\"ano_publicacao_hfilter\" data-tax=\"ano_publicacao\" data-searchable=\"true\" data-visible=\"false\">ano_publicacao_hfilter<\/th><\/tr><\/thead><tbody><tr id=\"post-row-2150\" class=\"post-row post-type-boletim boletim-2150 publish\"><td><a href='https:\/\/gobrn.org.br\/portal\/wp-content\/uploads\/2021\/09\/Boletim-Agosto-2021.pdf'><img decoding=\"async\" width=\"49\" height=\"70\" src=\"https:\/\/gobrn.org.br\/portal\/wp-content\/uploads\/2021\/09\/Boletim-Agosto-2021-pdf-106x150.jpg\" class=\"attachment-70x70 size-70x70\" alt=\"\" \/><\/a><\/td><td><a href=\"https:\/\/gobrn.org.br\/portal\/wp-content\/uploads\/2021\/09\/Boletim-Agosto-2021.pdf\">Boletim 008\/2021<\/a><\/td><td><p>Boletim do m\u00eas de agosto com todas as publica\u00e7\u00f5es<\/p>\n<\/td><td>AGOSTO<\/td><td><a href=\"https:\/\/gobrn.org.br\/portal\/ano_publicacao\/2021\/\" rel=\"tag\">2021<\/a><\/td><td>31-08-2021 18:45:00<\/td><td>agosto<\/td><td>2021<\/td><\/tr><tr id=\"post-row-2136\" class=\"post-row post-type-boletim boletim-2136 publish\"><td><a href='https:\/\/gobrn.org.br\/portal\/wp-content\/uploads\/2021\/09\/Boletim-Setembro-2021-1.pdf'><img decoding=\"async\" width=\"49\" height=\"70\" src=\"https:\/\/gobrn.org.br\/portal\/wp-content\/uploads\/2021\/09\/Boletim-Setembro-2021-1-pdf-106x150.jpg\" class=\"attachment-70x70 size-70x70\" alt=\"\" \/><\/a><\/td><td><a href=\"https:\/\/gobrn.org.br\/portal\/wp-content\/uploads\/2021\/09\/Boletim-Setembro-2021-1.pdf\">Boletim 009\/2021<\/a><\/td><td><p>Boletim oficial da 1\u00ba quinzena de Setembro com todas as publica\u00e7\u00f5es  do GOB-RN<\/p>\n<\/td><td>SETEMBRO<\/td><td><a href=\"https:\/\/gobrn.org.br\/portal\/ano_publicacao\/2021\/\" rel=\"tag\">2021<\/a><\/td><td>16-09-2021 16:24:00<\/td><td>setembro<\/td><td>2021<\/td><\/tr><tr id=\"post-row-2289\" class=\"post-row post-type-boletim boletim-2289 publish\"><td><a href='https:\/\/gobrn.org.br\/portal\/wp-content\/uploads\/2021\/11\/Boletim-Outubro-2021-Atual.pdf'><img decoding=\"async\" width=\"49\" height=\"70\" src=\"https:\/\/gobrn.org.br\/portal\/wp-content\/uploads\/2021\/11\/Boletim-Outubro-2021-Atual-pdf-106x150.jpg\" class=\"attachment-70x70 size-70x70\" alt=\"\" \/><\/a><\/td><td><a href=\"https:\/\/gobrn.org.br\/portal\/wp-content\/uploads\/2021\/11\/Boletim-Outubro-2021-Atual.pdf\">Boletim M\u00eas de Outubro 2021<\/a><\/td><td><p>O boletim de m\u00eas contendo todas as publica\u00e7\u00f5es do GOB realizado no m\u00eas de Outubro<\/p>\n<\/td><td>OUTUBRO<\/td><td><a href=\"https:\/\/gobrn.org.br\/portal\/ano_publicacao\/2021\/\" rel=\"tag\">2021<\/a><\/td><td>30-10-2021 00:00:00<\/td><td>outubro<\/td><td>2021<\/td><\/tr><tr id=\"post-row-2241\" class=\"post-row post-type-boletim boletim-2241 publish\"><td><a href='https:\/\/gobrn.org.br\/portal\/wp-content\/uploads\/2021\/10\/Boletim-Quinzenal-Setembro-2021.pdf'><img loading=\"lazy\" decoding=\"async\" width=\"49\" height=\"70\" src=\"https:\/\/gobrn.org.br\/portal\/wp-content\/uploads\/2021\/10\/Boletim-Quinzenal-Setembro-2021-pdf-106x150.jpg\" class=\"attachment-70x70 size-70x70\" alt=\"\" \/><\/a><\/td><td><a href=\"https:\/\/gobrn.org.br\/portal\/wp-content\/uploads\/2021\/10\/Boletim-Quinzenal-Setembro-2021.pdf\">Boletim Quinzenal &#8211; Setembro 2021<\/a><\/td><td><p>Boletim da 2\u00aa Quinzena de Setembro contendo as publica\u00e7\u00f5es realizada nesse per\u00edodo<\/p>\n<\/td><td>SETEMBRO<\/td><td><a href=\"https:\/\/gobrn.org.br\/portal\/ano_publicacao\/2021\/\" rel=\"tag\">2021<\/a><\/td><td>30-09-2021 12:00:00<\/td><td>setembro<\/td><td>2021<\/td><\/tr><tr id=\"post-row-3173\" class=\"post-row post-type-boletim boletim-3173 publish\"><td><a href='https:\/\/gobrn.org.br\/portal\/wp-content\/uploads\/2023\/09\/MINUTA-DO-INFORMATIVO-007-de-2023-09-04.pdf'><img loading=\"lazy\" decoding=\"async\" width=\"49\" height=\"70\" src=\"https:\/\/gobrn.org.br\/portal\/wp-content\/uploads\/2023\/09\/MINUTA-DO-INFORMATIVO-007-de-2023-09-04-pdf-106x150.jpg\" class=\"attachment-70x70 size-70x70\" alt=\"\" \/><\/a><\/td><td><a href=\"https:\/\/gobrn.org.br\/portal\/boletim\/rascunho-automatico\/\">Rascunho autom\u00e1tico<\/a><\/td><td><p>Boletim N\u00ba 007 &#8211; 4\u00aa Semana de Agosto contendo as publica\u00e7\u00f5es realizada nesse per\u00edodo.<\/p>\n<\/td><td>SETEMBRO<\/td><td><a href=\"https:\/\/gobrn.org.br\/portal\/ano_publicacao\/2023\/\" rel=\"tag\">2023<\/a><\/td><td>03-09-2023 00:00:00<\/td><td>setembro<\/td><td>2023<\/td><\/tr><\/tbody><\/table>\n","protected":false},"excerpt":{"rendered":"<p>Boletins Publicados GOB-RN<\/p>\n","protected":false},"author":1,"featured_media":0,"parent":0,"menu_order":0,"comment_status":"closed","ping_status":"closed","template":"","meta":{"site-sidebar-layout":"no-sidebar","site-content-layout":"page-builder","ast-site-content-layout":"default","site-content-style":"default","site-sidebar-style":"default","ast-global-header-display":"","ast-banner-title-visibility":"","ast-main-header-display":"","ast-hfb-above-header-display":"","ast-hfb-below-header-display":"","ast-hfb-mobile-header-display":"","site-post-title":"disabled","ast-breadcrumbs-content":"disabled","ast-featured-img":"disabled","footer-sml-layout":"","theme-transparent-header-meta":"default","adv-header-id-meta":"","stick-header-meta":"","header-above-stick-meta":"","header-main-stick-meta":"","header-below-stick-meta":"","astra-migrate-meta-layouts":"default","ast-page-background-enabled":"default","ast-page-background-meta":{"desktop":{"background-color":"","background-image":"","background-repeat":"repeat","background-position":"center center","background-size":"auto","background-attachment":"scroll","background-type":"","background-media":"","overlay-type":"","overlay-color":"","overlay-opacity":"","overlay-gradient":""},"tablet":{"background-color":"","background-image":"","background-repeat":"repeat","background-position":"center center","background-size":"auto","background-attachment":"scroll","background-type":"","background-media":"","overlay-type":"","overlay-color":"","overlay-opacity":"","overlay-gradient":""},"mobile":{"background-color":"","background-image":"","background-repeat":"repeat","background-position":"center center","background-size":"auto","background-attachment":"scroll","background-type":"","background-media":"","overlay-type":"","overlay-color":"","overlay-opacity":"","overlay-gradient":""}},"ast-content-background-meta":{"desktop":{"background-color":"var(--ast-global-color-5)","background-image":"","background-repeat":"repeat","background-position":"center center","background-size":"auto","background-attachment":"scroll","background-type":"","background-media":"","overlay-type":"","overlay-color":"","overlay-opacity":"","overlay-gradient":""},"tablet":{"background-color":"var(--ast-global-color-5)","background-image":"","background-repeat":"repeat","background-position":"center center","background-size":"auto","background-attachment":"scroll","background-type":"","background-media":"","overlay-type":"","overlay-color":"","overlay-opacity":"","overlay-gradient":""},"mobile":{"background-color":"var(--ast-global-color-5)","background-image":"","background-repeat":"repeat","background-position":"center center","background-size":"auto","background-attachment":"scroll","background-type":"","background-media":"","overlay-type":"","overlay-color":"","overlay-opacity":"","overlay-gradient":""}},"_themeisle_gutenberg_block_has_review":false,"footnotes":"","_links_to":"","_links_to_target":""},"class_list":["post-2122","page","type-page","status-publish","hentry"],"_links":{"self":[{"href":"https:\/\/gobrn.org.br\/portal\/wp-json\/wp\/v2\/pages\/2122","targetHints":{"allow":["GET"]}}],"collection":[{"href":"https:\/\/gobrn.org.br\/portal\/wp-json\/wp\/v2\/pages"}],"about":[{"href":"https:\/\/gobrn.org.br\/portal\/wp-json\/wp\/v2\/types\/page"}],"author":[{"embeddable":true,"href":"https:\/\/gobrn.org.br\/portal\/wp-json\/wp\/v2\/users\/1"}],"replies":[{"embeddable":true,"href":"https:\/\/gobrn.org.br\/portal\/wp-json\/wp\/v2\/comments?post=2122"}],"version-history":[{"count":28,"href":"https:\/\/gobrn.org.br\/portal\/wp-json\/wp\/v2\/pages\/2122\/revisions"}],"predecessor-version":[{"id":3333,"href":"https:\/\/gobrn.org.br\/portal\/wp-json\/wp\/v2\/pages\/2122\/revisions\/3333"}],"wp:attachment":[{"href":"https:\/\/gobrn.org.br\/portal\/wp-json\/wp\/v2\/media?parent=2122"}],"curies":[{"name":"wp","href":"https:\/\/api.w.org\/{rel}","templated":true}]}}